{"id":871,"date":"2021-10-27T12:25:44","date_gmt":"2021-10-27T10:25:44","guid":{"rendered":"https:\/\/www.bocwinka.de\/impressum\/"},"modified":"2026-03-31T14:31:23","modified_gmt":"2026-03-31T12:31:23","slug":"stopka-redakcyjna","status":"publish","type":"page","link":"https:\/\/www.bocwinka.de\/pl\/stopka-redakcyjna\/","title":{"rendered":"Stopka redakcyjna"},"content":{"rendered":"<h4>Stopka redakcyjna<\/h4>\n<h4>1. W\u0142a\u015bciciel<\/h4>\n<p>Bo\u0107winka 1 \/ B1<br \/>\nMarta Rozalia Lohmann<br \/>\nBo\u0107winka 1<br \/>\n11-612 Kruklanki<br \/>\nPolska<\/p>\n<p>NIP: PL 8452008895<br \/>\nREGON: 543804399<\/p>\n<h4>2. Opcje kontaktu<\/h4>\n<p>Tel.: +48-73-4418848<br \/>\nE-Mail: <a href=\"mailto:ferien@bocwinka.com\">ferien@bocwinka.com<\/a><br \/>\nFormularz kontaktowy na https:\/\/www.bocwinka.de<\/p>\n<h4>3. Wskaz\u00f3wki odno\u015bnie odpowiedzialno\u015bci<\/h4>\n<h4>I. Zastrze\u017cenie<\/h4>\n<p>Tre\u015bci zawarte na tej stronie zosta\u0142y przygotowane starannie i zgodnie z nasz\u0105 aktualn\u0105 wiedz\u0105. S\u0142u\u017c\u0105 one dostarczeniu informacji o oferowanych przez nas us\u0142ugach, ale nie gwarantujemy kompletno\u015bci ani dok\u0142adno\u015bci jakichkolwiek tre\u015bci na naszych stronach. Zastrzegamy sobie prawo do cz\u0119\u015bciowej i\/lub ca\u0142kowitej zmiany lub usuni\u0119cia\/wymazania tre\u015bci. Wszystkie oferty s\u0105 niewi\u0105\u017c\u0105ce i mog\u0105 ulec zmianie.<\/p>\n<h4>II. Informacje o naruszeniach prawa<\/h4>\n<p>O ile tre\u015bci na naszej stronie nie zosta\u0142y stworzone przez operatora, prawa autorskie os\u00f3b trzecich s\u0105 respektowane i jako takie oznaczone. Je\u015bli mimo to dowiesz si\u0119 o naruszeniu praw autorskich, prosimy o poinformowanie nas o tym. Je\u015bli dowiemy si\u0119 o jakichkolwiek naruszeniach, natychmiast usuniemy takie tre\u015bci.<\/p>\n<h4>III. Prawa do znak\u00f3w towarowych i prawa autorskie<\/h4>\n<p>Wszystkie nazwy marek i znaki towarowe wymienione na tej stronie internetowej podlegaj\u0105 bez ogranicze\u0144 przepisom obowi\u0105zuj\u0105cego prawa o znakach towarowych oraz, w stosownych przypadkach, prawom w\u0142asno\u015bci odpowiednich zarejestrowanych w\u0142a\u015bcicieli. Wykorzystanie podlega prawom danego autora.<br \/>IV. Linki do zewn\u0119trznych stron internetowych:<\/p>\n<p><strong>IV. Linki do zewn\u0119trznych stron internetowych:<\/strong><\/p>\n<p>Nie ponosimy odpowiedzialno\u015bci za tre\u015b\u0107 zewn\u0119trznych stron internetowych, do kt\u00f3rych odnosimy si\u0119 bezpo\u015brednio lub po\u015brednio poprzez linki. Za szkody powsta\u0142e w wyniku korzystania z tre\u015bci dost\u0119pnych na zlinkowanych stronach zewn\u0119trznych odpowiada wy\u0142\u0105cznie oferent danej strony.<\/p>\n<h4>V. Prawa autorskie do zdj\u0119\u0107:<\/h4>\n<p>Na naszej stronie internetowej wykorzystujemy r\u00f3wnie\u017c zdj\u0119cia z baz danych (zdj\u0119cia stockowe). W niekt\u00f3rych przypadkach jeste\u015bmy zobowi\u0105zani do podania nazwisk fotograf\u00f3w ze wzgl\u0119du na warunki licencyjne poszczeg\u00f3lnych dostawc\u00f3w.<br \/>Oznaczenia autora zdj\u0119\u0107:<br \/>\u00a0&#8211;<\/p>\n<h4>4. Prawa autorskie<\/h4>\n<p>Tre\u015bci (teksty i zdj\u0119cia) oraz inne dzie\u0142a na tych stronach, stworzone przez operatora tej strony, podlegaj\u0105 niemieckiemu prawu autorskiemu. Powielanie, redagowanie, rozpowszechnianie i wszelkiego rodzaju wykorzystanie poza granicami prawa autorskiego wymaga pisemnej zgody danego autora lub tw\u00f3rcy. Pobieranie i kopiowanie tej strony jest dozwolone tylko do prywatnego, niekomercyjnego u\u017cytku.<\/p>\n<h4>Tworzenie stron internetowych<\/h4>\n<p>Michael Kuphal, <a href=\"https:\/\/html5-webdesign.berlin\/wordpress-programmierung-berlin\" style=\"text-decoration:none;\">projektowanie stron internetowych Berlin, WordPress<\/a>, programowanie i in\u017cynieria, <a style=\"text-decoration:underline;\" href=\"https:\/\/unstopp.xyz\">UNSTOPP\u00ae<\/a><\/p>\n","protected":false},"excerpt":{"rendered":"<p>Stopka redakcyjna 1. W\u0142a\u015bciciel Bo\u0107winka 1 \/ B1 Marta Rozalia Lohmann Bo\u0107winka 1 11-612 Kruklanki Polska NIP: PL 8452008895 REGON: 543804399 2. Opcje kontaktu Tel.: +48-73-4418848 E-Mail: ferien@bocwinka.com Formularz kontaktowy na https:\/\/www.bocwinka.de 3. Wskaz\u00f3wki odno\u015bnie odpowiedzialno\u015bci I. Zastrze\u017cenie Tre\u015bci zawarte na tej stronie zosta\u0142y przygotowane starannie i zgodnie z nasz\u0105 aktualn\u0105 wiedz\u0105. S\u0142u\u017c\u0105 one dostarczeniu [&hellip;]<\/p>\n","protected":false},"author":1,"featured_media":0,"parent":0,"menu_order":0,"comment_status":"closed","ping_status":"closed","template":"page-with-sidebar.php","meta":{"footnotes":""},"class_list":["post-871","page","type-page","status-publish","hentry"],"_links":{"self":[{"href":"https:\/\/www.bocwinka.de\/pl\/wp-json\/wp\/v2\/pages\/871","targetHints":{"allow":["GET"]}}],"collection":[{"href":"https:\/\/www.bocwinka.de\/pl\/wp-json\/wp\/v2\/pages"}],"about":[{"href":"https:\/\/www.bocwinka.de\/pl\/wp-json\/wp\/v2\/types\/page"}],"author":[{"embeddable":true,"href":"https:\/\/www.bocwinka.de\/pl\/wp-json\/wp\/v2\/users\/1"}],"replies":[{"embeddable":true,"href":"https:\/\/www.bocwinka.de\/pl\/wp-json\/wp\/v2\/comments?post=871"}],"version-history":[{"count":14,"href":"https:\/\/www.bocwinka.de\/pl\/wp-json\/wp\/v2\/pages\/871\/revisions"}],"predecessor-version":[{"id":1321,"href":"https:\/\/www.bocwinka.de\/pl\/wp-json\/wp\/v2\/pages\/871\/revisions\/1321"}],"wp:attachment":[{"href":"https:\/\/www.bocwinka.de\/pl\/wp-json\/wp\/v2\/media?parent=871"}],"curies":[{"name":"wp","href":"https:\/\/api.w.org\/{rel}","templated":true}]}}